{"id":60,"date":"2016-06-11T20:05:03","date_gmt":"2016-06-11T20:05:03","guid":{"rendered":"http:\/\/conter.gov.br\/transparencia\/?page_id=60"},"modified":"2020-10-16T20:41:39","modified_gmt":"2020-10-16T20:41:39","slug":"nossa-historia","status":"publish","type":"page","link":"https:\/\/crtrceara.gov.br\/portaltransparencia\/nossa-historia\/","title":{"rendered":"NOSSA HIST\u00d3RIA"},"content":{"rendered":"<p style=\"text-align: center;\"><strong><img fetchpriority=\"high\" decoding=\"async\" class=\"size-full aligncenter\" src=\"http:\/\/crtrceara.gov.br\/wp-content\/uploads\/2018\/04\/crtr02.png\" width=\"506\" height=\"226\" \/>\u00a0\u00a0\u00a0\u00a0\u00a0\u00a0\u00a0\u00a0\u00a0\u00a0\u00a0\u00a0\u00a0\u00a0\u00a0\u00a0\u00a0\u00a0\u00a0\u00a0\u00a0\u00a0\u00a0\u00a0\u00a0\u00a0\u00a0\u00a0\u00a0\u00a0\u00a0\u00a0\u00a0\u00a0\u00a0\u00a0\u00a0\u00a0\u00a0\u00a0\u00a0\u00a0\u00a0\u00a0\u00a0\u00a0\u00a0\u00a0\u00a0\u00a0\u00a0\u00a0\u00a0\u00a0\u00a0\u00a0\u00a0\u00a0\u00a0\u00a0 <\/strong><strong>\u00a0<\/strong><\/p>\n<p style=\"text-align: justify;\">No dia 29 de outubro de 1985, foi sancionada a Lei 7.394, que regula o exerc\u00edcio de T\u00e9cnico em Radiologia. A norma foi efetivada pelo Decreto n.\u00ba 92.790, em 17 de junho de 1986.\u00a0Na data de 27\/05\/1988 nascia o CRTR2\u00aa Regi\u00e3o conforme RESOLU\u00c7\u00c3O CONTER N\u00ba 08\/1988. O Conselho Regional\u00a0 de T\u00e9cnicos em Radiologia da 2\u00aa Regi\u00e3o foi instalado em 1994, em Fortaleza. Desde ent\u00e3o, \u00e9 nossa a fun\u00e7\u00e3o de manter a inscri\u00e7\u00e3o das pessoas e das empresas legalmente habilitadas para atuarem na Radiologia, bem como a obriga\u00e7\u00e3o de normatizar e fiscalizar o exerc\u00edcio das t\u00e9cnicas radiol\u00f3gicas no Estado do Cear\u00e1.<\/p>\n<p style=\"text-align: center;\"><strong>MISS\u00c3O<\/strong><\/p>\n<p style=\"text-align: justify;\">Proteger a sociedade do indiv\u00edduo ilegal no exerc\u00edcio das t\u00e9cnicas radiol\u00f3gicas na jurisdi\u00e7\u00e3o do Estado do Cear\u00e1, promovendo a qualidade de vida aos usu\u00e1rios dos servi\u00e7os de radia\u00e7\u00e3o ionizante, reconhecimento e valoriza\u00e7\u00e3o do profissional.<\/p>\n<p style=\"text-align: center;\"><strong>VIS\u00c3O<\/strong><\/p>\n<p style=\"text-align: justify;\">Buscar ser refer\u00eancia e excel\u00eancia em fiscaliza\u00e7\u00e3o do exerc\u00edcio profissional das T\u00e9cnicas Radiol\u00f3gicas no sistema CONTER\/CRTR&#8217;s, normatizando e obedecendo aos princ\u00edpios constitucionais da administra\u00e7\u00e3o p\u00fablica.<\/p>\n<p style=\"text-align: center;\"><strong>VALORES<\/strong><\/p>\n<p style=\"text-align: center;\">Transpar\u00eancia;<\/p>\n<p style=\"text-align: center;\">Valoriza\u00e7\u00e3o profissional;<\/p>\n<p style=\"text-align: center;\">Busca pela excel\u00eancia;<\/p>\n<p style=\"text-align: center;\">Credibilidade;<\/p>\n<p style=\"text-align: center;\">\u00c9tica profissional;<\/p>\n<p style=\"text-align: center;\">Respeito;<\/p>\n<p style=\"text-align: left;\">\n","protected":false},"excerpt":{"rendered":"<p>\u00a0\u00a0\u00a0\u00a0\u00a0\u00a0\u00a0\u00a0\u00a0\u00a0\u00a0\u00a0\u00a0\u00a0\u00a0\u00a0\u00a0\u00a0\u00a0\u00a0\u00a0\u00a0\u00a0\u00a0\u00a0\u00a0\u00a0\u00a0\u00a0\u00a0\u00a0\u00a0\u00a0\u00a0\u00a0\u00a0\u00a0\u00a0\u00a0\u00a0\u00a0\u00a0\u00a0\u00a0\u00a0\u00a0\u00a0\u00a0\u00a0\u00a0\u00a0\u00a0\u00a0\u00a0\u00a0\u00a0\u00a0\u00a0\u00a0\u00a0 \u00a0 No dia 29 de outubro de 1985, foi sancionada a Lei 7.394, que regula o exerc\u00edcio de T\u00e9cnico em Radiologia. A norma foi efetivada pelo Decreto n.\u00ba 92.790, em 17 de junho de 1986.\u00a0Na data de 27\/05\/1988 nascia o CRTR2\u00aa Regi\u00e3o conforme RESOLU\u00c7\u00c3O CONTER N\u00ba 08\/1988. O Conselho Regional\u00a0 de T\u00e9cnicos em Radiologia &hellip; <a href=\"https:\/\/crtrceara.gov.br\/portaltransparencia\/nossa-historia\/\" class=\"more-link\">Continue lendo <span class=\"screen-reader-text\">NOSSA HIST\u00d3RIA<\/span> <span class=\"meta-nav\">&rarr;<\/span><\/a><\/p>\n","protected":false},"author":3,"featured_media":0,"parent":0,"menu_order":0,"comment_status":"closed","ping_status":"closed","template":"","meta":{"footnotes":""},"_links":{"self":[{"href":"https:\/\/crtrceara.gov.br\/portaltransparencia\/wp-json\/wp\/v2\/pages\/60"}],"collection":[{"href":"https:\/\/crtrceara.gov.br\/portaltransparencia\/wp-json\/wp\/v2\/pages"}],"about":[{"href":"https:\/\/crtrceara.gov.br\/portaltransparencia\/wp-json\/wp\/v2\/types\/page"}],"author":[{"embeddable":true,"href":"https:\/\/crtrceara.gov.br\/portaltransparencia\/wp-json\/wp\/v2\/users\/3"}],"replies":[{"embeddable":true,"href":"https:\/\/crtrceara.gov.br\/portaltransparencia\/wp-json\/wp\/v2\/comments?post=60"}],"version-history":[{"count":20,"href":"https:\/\/crtrceara.gov.br\/portaltransparencia\/wp-json\/wp\/v2\/pages\/60\/revisions"}],"predecessor-version":[{"id":3399,"href":"https:\/\/crtrceara.gov.br\/portaltransparencia\/wp-json\/wp\/v2\/pages\/60\/revisions\/3399"}],"wp:attachment":[{"href":"https:\/\/crtrceara.gov.br\/portaltransparencia\/wp-json\/wp\/v2\/media?parent=60"}],"curies":[{"name":"wp","href":"https:\/\/api.w.org\/{rel}","templated":true}]}}