{"id":440,"date":"2016-07-25T18:17:09","date_gmt":"2016-07-25T18:17:09","guid":{"rendered":"http:\/\/conter.gov.br\/transparencia\/?page_id=440"},"modified":"2024-04-02T00:22:16","modified_gmt":"2024-04-02T03:22:16","slug":"relatorios-de-gestao-e-prestacao-de-contas-ao-tcu-2","status":"publish","type":"page","link":"https:\/\/crtrceara.gov.br\/portaltransparencia\/relatorios-de-gestao-e-prestacao-de-contas-ao-tcu-2\/","title":{"rendered":"RELAT\u00d3RIOS DE GEST\u00c3O E PRESTA\u00c7\u00c3O DE CONTAS AO TCU"},"content":{"rendered":"\t\t<div data-elementor-type=\"wp-post\" data-elementor-id=\"440\" class=\"elementor elementor-440\">\n\t\t\t\t\t\t<section class=\"elementor-section elementor-top-section elementor-element elementor-element-93cb753 elementor-section-boxed elementor-section-height-default elementor-section-height-default\" data-id=\"93cb753\" data-element_type=\"section\">\n\t\t\t\t\t\t<div class=\"elementor-container elementor-column-gap-default\">\n\t\t\t\t\t<div class=\"elementor-column elementor-col-100 elementor-top-column elementor-element elementor-element-a260172\" data-id=\"a260172\" data-element_type=\"column\">\n\t\t\t<div class=\"elementor-widget-wrap elementor-element-populated\">\n\t\t\t\t\t\t<div class=\"elementor-element elementor-element-74004e8 elementor-widget elementor-widget-toggle\" data-id=\"74004e8\" data-element_type=\"widget\" data-widget_type=\"toggle.default\">\n\t\t\t\t<div class=\"elementor-widget-container\">\n\t\t\t\t\t<div class=\"elementor-toggle\">\n\t\t\t\t\t\t\t<div class=\"elementor-toggle-item\">\n\t\t\t\t\t<div id=\"elementor-tab-title-1211\" class=\"elementor-tab-title\" data-tab=\"1\" role=\"button\" aria-controls=\"elementor-tab-content-1211\" aria-expanded=\"false\">\n\t\t\t\t\t\t\t\t\t\t\t\t<span class=\"elementor-toggle-icon elementor-toggle-icon-left\" aria-hidden=\"true\">\n\t\t\t\t\t\t\t\t\t\t\t\t\t\t\t<i class=\"elementor-toggle-icon-closed fa fa-file-pdf-o\"><\/i>\n\t\t\t\t\t\t\t\t<i class=\"elementor-toggle-icon-opened \"><\/i>\n\t\t\t\t\t\t\t\t\t\t\t\t\t<\/span>\n\t\t\t\t\t\t\t\t\t\t\t\t<a class=\"elementor-toggle-title\" tabindex=\"0\">Relat\u00f3rio de Gest\u00e3o do Exerc\u00edcio 2023<\/a>\n\t\t\t\t\t<\/div>\n\n\t\t\t\t\t<div id=\"elementor-tab-content-1211\" class=\"elementor-tab-content elementor-clearfix\" data-tab=\"1\" role=\"region\" aria-labelledby=\"elementor-tab-title-1211\"><p>1\u00ba Trimestre<br \/>2\u00ba Trimestre<br \/>3\u00ba Trimestre<br \/>4\u00ba Trimestre<br \/><span style=\"color: #993300;\"> \u25cf\u00a0 <a href=\"http:\/\/crtrceara.gov.br\/portaltransparencia\/wp-content\/uploads\/2024\/04\/Relato-Integrado-TCU-2023-CRTR2-OFICIAL-1-1.pdf\">Relat\u00f3rio de Gest\u00e3o 2023<\/a><\/span><\/p><\/div>\n\t\t\t\t<\/div>\n\t\t\t\t\t\t\t<div class=\"elementor-toggle-item\">\n\t\t\t\t\t<div id=\"elementor-tab-title-1212\" class=\"elementor-tab-title\" data-tab=\"2\" role=\"button\" aria-controls=\"elementor-tab-content-1212\" aria-expanded=\"false\">\n\t\t\t\t\t\t\t\t\t\t\t\t<span class=\"elementor-toggle-icon elementor-toggle-icon-left\" aria-hidden=\"true\">\n\t\t\t\t\t\t\t\t\t\t\t\t\t\t\t<i class=\"elementor-toggle-icon-closed fa fa-file-pdf-o\"><\/i>\n\t\t\t\t\t\t\t\t<i class=\"elementor-toggle-icon-opened \"><\/i>\n\t\t\t\t\t\t\t\t\t\t\t\t\t<\/span>\n\t\t\t\t\t\t\t\t\t\t\t\t<a class=\"elementor-toggle-title\" tabindex=\"0\">Relat\u00f3rio de Gest\u00e3o do Exerc\u00edcio 2022<\/a>\n\t\t\t\t\t<\/div>\n\n\t\t\t\t\t<div id=\"elementor-tab-content-1212\" class=\"elementor-tab-content elementor-clearfix\" data-tab=\"2\" role=\"region\" aria-labelledby=\"elementor-tab-title-1212\"><p>1\u00ba Trimestre<br \/>2\u00ba Trimestre<br \/>3\u00ba Trimestre<br \/>4\u00ba Trimestre<br \/><span style=\"color: #993300;\">\u00a0 \u25cf\u00a0 <a href=\"http:\/\/crtrceara.gov.br\/portaltransparencia\/wp-content\/uploads\/2024\/03\/RG-2022.pdf\">Relat\u00f3rio de Gest\u00e3o 2022<\/a><\/span><\/p><\/div>\n\t\t\t\t<\/div>\n\t\t\t\t\t\t\t<div class=\"elementor-toggle-item\">\n\t\t\t\t\t<div id=\"elementor-tab-title-1213\" class=\"elementor-tab-title\" data-tab=\"3\" role=\"button\" aria-controls=\"elementor-tab-content-1213\" aria-expanded=\"false\">\n\t\t\t\t\t\t\t\t\t\t\t\t<span class=\"elementor-toggle-icon elementor-toggle-icon-left\" aria-hidden=\"true\">\n\t\t\t\t\t\t\t\t\t\t\t\t\t\t\t<i class=\"elementor-toggle-icon-closed fa fa-file-pdf-o\"><\/i>\n\t\t\t\t\t\t\t\t<i class=\"elementor-toggle-icon-opened \"><\/i>\n\t\t\t\t\t\t\t\t\t\t\t\t\t<\/span>\n\t\t\t\t\t\t\t\t\t\t\t\t<a class=\"elementor-toggle-title\" tabindex=\"0\">Relat\u00f3rio de Gest\u00e3o do Exerc\u00edcio 2021<\/a>\n\t\t\t\t\t<\/div>\n\n\t\t\t\t\t<div id=\"elementor-tab-content-1213\" class=\"elementor-tab-content elementor-clearfix\" data-tab=\"3\" role=\"region\" aria-labelledby=\"elementor-tab-title-1213\"><p><a href=\"http:\/\/crtrceara.gov.br\/wp-content\/uploads\/2021\/07\/Relat\u00f3rio-do-1\u00ba-Trimestre-CRTR2-V\u00c1LIDO.pdf\">1\u00ba Trimestre<\/a><br \/><a href=\"https:\/\/crtrceara.gov.br\/portaltransparencia\/wp-content\/uploads\/2022\/02\/Relat\u00f3rio-do-2\u00ba-Trimestre-CRTR2.pdf\">2\u00ba Trimestre<\/a><br \/><a href=\"https:\/\/crtrceara.gov.br\/portaltransparencia\/wp-content\/uploads\/2022\/02\/Relat\u00f3rio-do-3\u00ba-Trimestre-CRTR2.pdf\">3\u00ba Trimestre<\/a><br \/><span style=\"color: #993300;\">4\u00ba Trimestre<\/span><span style=\"color: #993300;\"><br \/>\u00a0\u00a0\u00a0 \u25cf\u00a0 <a href=\"https:\/\/crtrceara.gov.br\/portaltransparencia\/wp-content\/uploads\/2022\/03\/Relat\u00f3rio-de-Gest\u00e3o-CRTR2-2021.pdf\">Relat\u00f3rio de Gest\u00e3o 2021<\/a><br \/>\u00a0\u00a0\u00a0 \u25cf\u00a0 <a href=\"https:\/\/crtrceara.gov.br\/portaltransparencia\/wp-content\/uploads\/2022\/03\/Decis\u00e3o_plenaria_relatorio_gestao_exercicio_2021.pdf\">Decis\u00e3o Reuni\u00e3o Plen\u00e1ria_2021<\/a><br \/><\/span><\/p><\/div>\n\t\t\t\t<\/div>\n\t\t\t\t\t\t\t<div class=\"elementor-toggle-item\">\n\t\t\t\t\t<div id=\"elementor-tab-title-1214\" class=\"elementor-tab-title\" data-tab=\"4\" role=\"button\" aria-controls=\"elementor-tab-content-1214\" aria-expanded=\"false\">\n\t\t\t\t\t\t\t\t\t\t\t\t<span class=\"elementor-toggle-icon elementor-toggle-icon-left\" aria-hidden=\"true\">\n\t\t\t\t\t\t\t\t\t\t\t\t\t\t\t<i class=\"elementor-toggle-icon-closed fa fa-file-pdf-o\"><\/i>\n\t\t\t\t\t\t\t\t<i class=\"elementor-toggle-icon-opened \"><\/i>\n\t\t\t\t\t\t\t\t\t\t\t\t\t<\/span>\n\t\t\t\t\t\t\t\t\t\t\t\t<a class=\"elementor-toggle-title\" tabindex=\"0\">Relat\u00f3rio de Gest\u00e3o do Exerc\u00edcio 2020<\/a>\n\t\t\t\t\t<\/div>\n\n\t\t\t\t\t<div id=\"elementor-tab-content-1214\" class=\"elementor-tab-content elementor-clearfix\" data-tab=\"4\" role=\"region\" aria-labelledby=\"elementor-tab-title-1214\"><p>2020<\/p><\/div>\n\t\t\t\t<\/div>\n\t\t\t\t\t\t\t<div class=\"elementor-toggle-item\">\n\t\t\t\t\t<div id=\"elementor-tab-title-1215\" class=\"elementor-tab-title\" data-tab=\"5\" role=\"button\" aria-controls=\"elementor-tab-content-1215\" aria-expanded=\"false\">\n\t\t\t\t\t\t\t\t\t\t\t\t<span class=\"elementor-toggle-icon elementor-toggle-icon-left\" aria-hidden=\"true\">\n\t\t\t\t\t\t\t\t\t\t\t\t\t\t\t<i class=\"elementor-toggle-icon-closed fa fa-file-pdf-o\"><\/i>\n\t\t\t\t\t\t\t\t<i class=\"elementor-toggle-icon-opened \"><\/i>\n\t\t\t\t\t\t\t\t\t\t\t\t\t<\/span>\n\t\t\t\t\t\t\t\t\t\t\t\t<a class=\"elementor-toggle-title\" tabindex=\"0\">Relat\u00f3rio de Gest\u00e3o do Exerc\u00edcio 2019<\/a>\n\t\t\t\t\t<\/div>\n\n\t\t\t\t\t<div id=\"elementor-tab-content-1215\" class=\"elementor-tab-content elementor-clearfix\" data-tab=\"5\" role=\"region\" aria-labelledby=\"elementor-tab-title-1215\"><p>2019<\/p><\/div>\n\t\t\t\t<\/div>\n\t\t\t\t\t\t\t\t<\/div>\n\t\t\t\t<\/div>\n\t\t\t\t<\/div>\n\t\t\t\t\t<\/div>\n\t\t<\/div>\n\t\t\t\t\t<\/div>\n\t\t<\/section>\n\t\t\t\t<\/div>\n\t\t","protected":false},"excerpt":{"rendered":"<p>Relat\u00f3rio de Gest\u00e3o do Exerc\u00edcio 2023 1\u00ba Trimestre2\u00ba Trimestre3\u00ba Trimestre4\u00ba Trimestre \u25cf\u00a0 Relat\u00f3rio de Gest\u00e3o 2023 Relat\u00f3rio de Gest\u00e3o do Exerc\u00edcio 2022 1\u00ba Trimestre2\u00ba Trimestre3\u00ba Trimestre4\u00ba Trimestre\u00a0 \u25cf\u00a0 Relat\u00f3rio de Gest\u00e3o 2022 Relat\u00f3rio de Gest\u00e3o do Exerc\u00edcio 2021 1\u00ba Trimestre2\u00ba Trimestre3\u00ba Trimestre4\u00ba Trimestre\u00a0\u00a0\u00a0 \u25cf\u00a0 Relat\u00f3rio de Gest\u00e3o 2021\u00a0\u00a0\u00a0 \u25cf\u00a0 Decis\u00e3o Reuni\u00e3o Plen\u00e1ria_2021 Relat\u00f3rio de Gest\u00e3o &hellip; <a href=\"https:\/\/crtrceara.gov.br\/portaltransparencia\/relatorios-de-gestao-e-prestacao-de-contas-ao-tcu-2\/\" class=\"more-link\">Continue lendo <span class=\"screen-reader-text\">RELAT\u00d3RIOS DE GEST\u00c3O E PRESTA\u00c7\u00c3O DE CONTAS AO TCU<\/span> <span class=\"meta-nav\">&rarr;<\/span><\/a><\/p>\n","protected":false},"author":3,"featured_media":0,"parent":0,"menu_order":0,"comment_status":"closed","ping_status":"closed","template":"","meta":{"footnotes":""},"_links":{"self":[{"href":"https:\/\/crtrceara.gov.br\/portaltransparencia\/wp-json\/wp\/v2\/pages\/440"}],"collection":[{"href":"https:\/\/crtrceara.gov.br\/portaltransparencia\/wp-json\/wp\/v2\/pages"}],"about":[{"href":"https:\/\/crtrceara.gov.br\/portaltransparencia\/wp-json\/wp\/v2\/types\/page"}],"author":[{"embeddable":true,"href":"https:\/\/crtrceara.gov.br\/portaltransparencia\/wp-json\/wp\/v2\/users\/3"}],"replies":[{"embeddable":true,"href":"https:\/\/crtrceara.gov.br\/portaltransparencia\/wp-json\/wp\/v2\/comments?post=440"}],"version-history":[{"count":29,"href":"https:\/\/crtrceara.gov.br\/portaltransparencia\/wp-json\/wp\/v2\/pages\/440\/revisions"}],"predecessor-version":[{"id":5306,"href":"https:\/\/crtrceara.gov.br\/portaltransparencia\/wp-json\/wp\/v2\/pages\/440\/revisions\/5306"}],"wp:attachment":[{"href":"https:\/\/crtrceara.gov.br\/portaltransparencia\/wp-json\/wp\/v2\/media?parent=440"}],"curies":[{"name":"wp","href":"https:\/\/api.w.org\/{rel}","templated":true}]}}