{"id":4333,"date":"2021-07-09T19:02:59","date_gmt":"2021-07-09T19:02:59","guid":{"rendered":"https:\/\/crtrceara.gov.br\/portaltransparencia\/?page_id=4333"},"modified":"2023-09-28T16:13:07","modified_gmt":"2023-09-28T16:13:07","slug":"resultados-na-area-fim","status":"publish","type":"page","link":"https:\/\/crtrceara.gov.br\/portaltransparencia\/resultados-na-area-fim\/","title":{"rendered":"RESULTADOS NA \u00c1REA FIM"},"content":{"rendered":"\t\t<div data-elementor-type=\"wp-post\" data-elementor-id=\"4333\" class=\"elementor elementor-4333\">\n\t\t\t\t\t\t<section class=\"elementor-section elementor-top-section elementor-element elementor-element-518ee4b elementor-section-boxed elementor-section-height-default elementor-section-height-default\" data-id=\"518ee4b\" data-element_type=\"section\">\n\t\t\t\t\t\t<div class=\"elementor-container elementor-column-gap-default\">\n\t\t\t\t\t<div class=\"elementor-column elementor-col-100 elementor-top-column elementor-element elementor-element-64d3ba4\" data-id=\"64d3ba4\" data-element_type=\"column\">\n\t\t\t<div class=\"elementor-widget-wrap elementor-element-populated\">\n\t\t\t\t\t\t<div class=\"elementor-element elementor-element-bdcef87 elementor-widget elementor-widget-toggle\" data-id=\"bdcef87\" data-element_type=\"widget\" data-widget_type=\"toggle.default\">\n\t\t\t\t<div class=\"elementor-widget-container\">\n\t\t\t\t\t<div class=\"elementor-toggle\">\n\t\t\t\t\t\t\t<div class=\"elementor-toggle-item\">\n\t\t\t\t\t<div id=\"elementor-tab-title-1991\" class=\"elementor-tab-title\" data-tab=\"1\" role=\"button\" aria-controls=\"elementor-tab-content-1991\" aria-expanded=\"false\">\n\t\t\t\t\t\t\t\t\t\t\t\t<span class=\"elementor-toggle-icon elementor-toggle-icon-left\" aria-hidden=\"true\">\n\t\t\t\t\t\t\t\t\t\t\t\t\t\t\t<span class=\"elementor-toggle-icon-closed\"><i class=\"fas fa-caret-right\"><\/i><\/span>\n\t\t\t\t\t\t\t\t<span class=\"elementor-toggle-icon-opened\"><i class=\"elementor-toggle-icon-opened fas fa-caret-up\"><\/i><\/span>\n\t\t\t\t\t\t\t\t\t\t\t\t\t<\/span>\n\t\t\t\t\t\t\t\t\t\t\t\t<a class=\"elementor-toggle-title\" tabindex=\"0\">2023<\/a>\n\t\t\t\t\t<\/div>\n\n\t\t\t\t\t<div id=\"elementor-tab-content-1991\" class=\"elementor-tab-content elementor-clearfix\" data-tab=\"1\" role=\"region\" aria-labelledby=\"elementor-tab-title-1991\"><p><a href=\"http:\/\/***\" data-wplink-url-error=\"true\">\u2022 \u00e1rea fim<\/a><br \/><a href=\"http:\/\/**\" data-wplink-url-error=\"true\">\u2022 relat\u00f3rio de fiscaliza\u00e7\u00e3o<\/a><\/p><\/div>\n\t\t\t\t<\/div>\n\t\t\t\t\t\t\t<div class=\"elementor-toggle-item\">\n\t\t\t\t\t<div id=\"elementor-tab-title-1992\" class=\"elementor-tab-title\" data-tab=\"2\" role=\"button\" aria-controls=\"elementor-tab-content-1992\" aria-expanded=\"false\">\n\t\t\t\t\t\t\t\t\t\t\t\t<span class=\"elementor-toggle-icon elementor-toggle-icon-left\" aria-hidden=\"true\">\n\t\t\t\t\t\t\t\t\t\t\t\t\t\t\t<span class=\"elementor-toggle-icon-closed\"><i class=\"fas fa-caret-right\"><\/i><\/span>\n\t\t\t\t\t\t\t\t<span class=\"elementor-toggle-icon-opened\"><i class=\"elementor-toggle-icon-opened fas fa-caret-up\"><\/i><\/span>\n\t\t\t\t\t\t\t\t\t\t\t\t\t<\/span>\n\t\t\t\t\t\t\t\t\t\t\t\t<a class=\"elementor-toggle-title\" tabindex=\"0\">2022<\/a>\n\t\t\t\t\t<\/div>\n\n\t\t\t\t\t<div id=\"elementor-tab-content-1992\" class=\"elementor-tab-content elementor-clearfix\" data-tab=\"2\" role=\"region\" aria-labelledby=\"elementor-tab-title-1992\"><p><a href=\"http:\/\/***\" data-wplink-url-error=\"true\">\u2022 \u00e1rea fim<\/a><br \/><a href=\"http:\/\/**\" data-wplink-url-error=\"true\">\u2022 relat\u00f3rio de fiscaliza\u00e7\u00e3o<\/a><\/p><\/div>\n\t\t\t\t<\/div>\n\t\t\t\t\t\t\t<div class=\"elementor-toggle-item\">\n\t\t\t\t\t<div id=\"elementor-tab-title-1993\" class=\"elementor-tab-title\" data-tab=\"3\" role=\"button\" aria-controls=\"elementor-tab-content-1993\" aria-expanded=\"false\">\n\t\t\t\t\t\t\t\t\t\t\t\t<span class=\"elementor-toggle-icon elementor-toggle-icon-left\" aria-hidden=\"true\">\n\t\t\t\t\t\t\t\t\t\t\t\t\t\t\t<span class=\"elementor-toggle-icon-closed\"><i class=\"fas fa-caret-right\"><\/i><\/span>\n\t\t\t\t\t\t\t\t<span class=\"elementor-toggle-icon-opened\"><i class=\"elementor-toggle-icon-opened fas fa-caret-up\"><\/i><\/span>\n\t\t\t\t\t\t\t\t\t\t\t\t\t<\/span>\n\t\t\t\t\t\t\t\t\t\t\t\t<a class=\"elementor-toggle-title\" tabindex=\"0\">2021<\/a>\n\t\t\t\t\t<\/div>\n\n\t\t\t\t\t<div id=\"elementor-tab-content-1993\" class=\"elementor-tab-content elementor-clearfix\" data-tab=\"3\" role=\"region\" aria-labelledby=\"elementor-tab-title-1993\"><p><a href=\"https:\/\/crtrceara.gov.br\/portaltransparencia\/wp-content\/uploads\/2022\/03\/DEMONSTRATIVO_AREA_FIM_2021-1.pdf\">\u2022 \u00e1rea fim<\/a><br \/><a href=\"https:\/\/crtrceara.gov.br\/portaltransparencia\/wp-content\/uploads\/2022\/02\/2021-Relat%C3%B3rio-Sint.-anual-FISCALIZA%C3%87AO.pdf\">\u2022 relat\u00f3rio de fiscaliza\u00e7\u00e3o<\/a><\/p><\/div>\n\t\t\t\t<\/div>\n\t\t\t\t\t\t\t<div class=\"elementor-toggle-item\">\n\t\t\t\t\t<div id=\"elementor-tab-title-1994\" class=\"elementor-tab-title\" data-tab=\"4\" role=\"button\" aria-controls=\"elementor-tab-content-1994\" aria-expanded=\"false\">\n\t\t\t\t\t\t\t\t\t\t\t\t<span class=\"elementor-toggle-icon elementor-toggle-icon-left\" aria-hidden=\"true\">\n\t\t\t\t\t\t\t\t\t\t\t\t\t\t\t<span class=\"elementor-toggle-icon-closed\"><i class=\"fas fa-caret-right\"><\/i><\/span>\n\t\t\t\t\t\t\t\t<span class=\"elementor-toggle-icon-opened\"><i class=\"elementor-toggle-icon-opened fas fa-caret-up\"><\/i><\/span>\n\t\t\t\t\t\t\t\t\t\t\t\t\t<\/span>\n\t\t\t\t\t\t\t\t\t\t\t\t<a class=\"elementor-toggle-title\" tabindex=\"0\">2020<\/a>\n\t\t\t\t\t<\/div>\n\n\t\t\t\t\t<div id=\"elementor-tab-content-1994\" class=\"elementor-tab-content elementor-clearfix\" data-tab=\"4\" role=\"region\" aria-labelledby=\"elementor-tab-title-1994\"><p><a href=\"https:\/\/crtrceara.gov.br\/portaltransparencia\/wp-content\/uploads\/2021\/07\/DEMONSTRATIVO_AREA_FIM_2020.pdf\">\u2022 \u00e1rea fim<\/a><br \/><a href=\"http:\/\/crtrceara.gov.br\/wp-content\/uploads\/2021\/03\/2020-Relat%C3%B3rio-Sint.-anual-FISCALIZA%C3%87AO.pdf\">\u2022 relat\u00f3rio de fiscaliza\u00e7\u00e3o<\/a><\/p><\/div>\n\t\t\t\t<\/div>\n\t\t\t\t\t\t\t<div class=\"elementor-toggle-item\">\n\t\t\t\t\t<div id=\"elementor-tab-title-1995\" class=\"elementor-tab-title\" data-tab=\"5\" role=\"button\" aria-controls=\"elementor-tab-content-1995\" aria-expanded=\"false\">\n\t\t\t\t\t\t\t\t\t\t\t\t<span class=\"elementor-toggle-icon elementor-toggle-icon-left\" aria-hidden=\"true\">\n\t\t\t\t\t\t\t\t\t\t\t\t\t\t\t<span class=\"elementor-toggle-icon-closed\"><i class=\"fas fa-caret-right\"><\/i><\/span>\n\t\t\t\t\t\t\t\t<span class=\"elementor-toggle-icon-opened\"><i class=\"elementor-toggle-icon-opened fas fa-caret-up\"><\/i><\/span>\n\t\t\t\t\t\t\t\t\t\t\t\t\t<\/span>\n\t\t\t\t\t\t\t\t\t\t\t\t<a class=\"elementor-toggle-title\" tabindex=\"0\">2019<\/a>\n\t\t\t\t\t<\/div>\n\n\t\t\t\t\t<div id=\"elementor-tab-content-1995\" class=\"elementor-tab-content elementor-clearfix\" data-tab=\"5\" role=\"region\" aria-labelledby=\"elementor-tab-title-1995\"><p><a href=\"http:\/\/***\" data-wplink-url-error=\"true\">\u2022 \u00e1rea fim<\/a><br \/><a href=\"https:\/\/crtrceara.gov.br\/portaltransparencia\/wp-content\/uploads\/2022\/02\/2019-Relat\u00f3rio-Sint.-anual.pdf\">\u2022 relat\u00f3rio de fiscaliza\u00e7\u00e3o<\/a><\/p><\/div>\n\t\t\t\t<\/div>\n\t\t\t\t\t\t\t\t<\/div>\n\t\t\t\t<\/div>\n\t\t\t\t<\/div>\n\t\t\t\t<div class=\"elementor-element elementor-element-0afa3a7 elementor-widget elementor-widget-text-editor\" data-id=\"0afa3a7\" data-element_type=\"widget\" data-widget_type=\"text-editor.default\">\n\t\t\t\t<div class=\"elementor-widget-container\">\n\t\t\t\t\t\t\t\t\t\t\t\t\t<\/div>\n\t\t\t\t<\/div>\n\t\t\t\t\t<\/div>\n\t\t<\/div>\n\t\t\t\t\t<\/div>\n\t\t<\/section>\n\t\t\t\t<\/div>\n\t\t","protected":false},"excerpt":{"rendered":"<p>2023 \u2022 \u00e1rea fim\u2022 relat\u00f3rio de fiscaliza\u00e7\u00e3o 2022 \u2022 \u00e1rea fim\u2022 relat\u00f3rio de fiscaliza\u00e7\u00e3o 2021 \u2022 \u00e1rea fim\u2022 relat\u00f3rio de fiscaliza\u00e7\u00e3o 2020 \u2022 \u00e1rea fim\u2022 relat\u00f3rio de fiscaliza\u00e7\u00e3o 2019 \u2022 \u00e1rea fim\u2022 relat\u00f3rio de fiscaliza\u00e7\u00e3o<\/p>\n","protected":false},"author":3,"featured_media":0,"parent":0,"menu_order":0,"comment_status":"closed","ping_status":"closed","template":"","meta":{"footnotes":""},"_links":{"self":[{"href":"https:\/\/crtrceara.gov.br\/portaltransparencia\/wp-json\/wp\/v2\/pages\/4333"}],"collection":[{"href":"https:\/\/crtrceara.gov.br\/portaltransparencia\/wp-json\/wp\/v2\/pages"}],"about":[{"href":"https:\/\/crtrceara.gov.br\/portaltransparencia\/wp-json\/wp\/v2\/types\/page"}],"author":[{"embeddable":true,"href":"https:\/\/crtrceara.gov.br\/portaltransparencia\/wp-json\/wp\/v2\/users\/3"}],"replies":[{"embeddable":true,"href":"https:\/\/crtrceara.gov.br\/portaltransparencia\/wp-json\/wp\/v2\/comments?post=4333"}],"version-history":[{"count":18,"href":"https:\/\/crtrceara.gov.br\/portaltransparencia\/wp-json\/wp\/v2\/pages\/4333\/revisions"}],"predecessor-version":[{"id":5268,"href":"https:\/\/crtrceara.gov.br\/portaltransparencia\/wp-json\/wp\/v2\/pages\/4333\/revisions\/5268"}],"wp:attachment":[{"href":"https:\/\/crtrceara.gov.br\/portaltransparencia\/wp-json\/wp\/v2\/media?parent=4333"}],"curies":[{"name":"wp","href":"https:\/\/api.w.org\/{rel}","templated":true}]}}