{"id":4326,"date":"2021-07-09T18:58:12","date_gmt":"2021-07-09T18:58:12","guid":{"rendered":"https:\/\/crtrceara.gov.br\/portaltransparencia\/?page_id=4326"},"modified":"2022-04-08T18:19:21","modified_gmt":"2022-04-08T18:19:21","slug":"rol-de-responsaveis","status":"publish","type":"page","link":"https:\/\/crtrceara.gov.br\/portaltransparencia\/rol-de-responsaveis\/","title":{"rendered":"ROL DE RESPONS\u00c1VEIS"},"content":{"rendered":"\t\t<div data-elementor-type=\"wp-post\" data-elementor-id=\"4326\" class=\"elementor elementor-4326\">\n\t\t\t\t\t\t<section class=\"elementor-section elementor-top-section elementor-element elementor-element-5978a6c elementor-section-boxed elementor-section-height-default elementor-section-height-default\" data-id=\"5978a6c\" data-element_type=\"section\">\n\t\t\t\t\t\t<div class=\"elementor-container elementor-column-gap-default\">\n\t\t\t\t\t<div class=\"elementor-column elementor-col-100 elementor-top-column elementor-element elementor-element-b95eefc\" data-id=\"b95eefc\" data-element_type=\"column\">\n\t\t\t<div class=\"elementor-widget-wrap elementor-element-populated\">\n\t\t\t\t\t\t<div class=\"elementor-element elementor-element-9a439ef elementor-widget elementor-widget-text-editor\" data-id=\"9a439ef\" data-element_type=\"widget\" data-widget_type=\"text-editor.default\">\n\t\t\t\t<div class=\"elementor-widget-container\">\n\t\t\t\t\t\t\t<p><span style=\"color: #000000;\"><strong>GEST\u00c3O 2019-2024<\/strong><\/span><\/p><p><span style=\"color: #000000;\"><em>Per\u00edodo de Gest\u00e3o: 02 de Setembro de 2019 at\u00e9 02 de setembro de 2024<\/em><\/span><\/p><ul><li><span style=\"color: #000000;\">Diretor Presidente: TR. Salom\u00e3o de Sousa Melo<\/span><\/li><li><span style=\"color: #000000;\">Diretor Secret\u00e1rio: TR. Francisco Wilson da Silva<\/span><\/li><li><span style=\"color: #000000;\">Diretor Tesoureiro: TR. R\u00fabio Alcoforado Amorim Filho<br \/>\u00a0\u00a0\u00a0\u00a0 \u25cf\u00a0 <a href=\"https:\/\/crtrceara.gov.br\/portaltransparencia\/wp-content\/uploads\/2022\/03\/rol_resposanveis_2021.pdf\"><img decoding=\"async\" class=\"size-full wp-image-4715 alignnone\" src=\"https:\/\/crtrceara.gov.br\/portaltransparencia\/wp-content\/uploads\/2022\/03\/simbolo-de-formato-de-arquivo-pdf.png\" alt=\"\" width=\"24\" height=\"24\" \/>\u00a0\u00a0<\/a><a href=\"https:\/\/crtrceara.gov.br\/portaltransparencia\/wp-content\/uploads\/2022\/03\/rol_resposanveis_2021.pdf\">Rol_dos_Respons\u00e1veis_2021<\/a><br \/><\/span><\/li><\/ul><hr \/><p><span style=\"color: #000000;\"><strong>GEST\u00c3O 2014-2019<\/strong><\/span><\/p><p><span style=\"color: #000000;\"><em>Per\u00edodo de Gest\u00e3o: 31 de Maio de 2014 at\u00e9 31 de Maio de 2019<\/em><\/span><\/p><ul><li><span style=\"color: #000000;\">Diretor Presidente: TR.\u00a0Salom\u00e3o de Sousa Melo<\/span><\/li><li><span style=\"color: #000000;\">Diretor Secret\u00e1rio: TR.\u00a0Francisco Wilson da Silva<\/span><\/li><li><span style=\"color: #000000;\">Diretor Tesoureiro: TR. Antonio Eudes de Oliveira<\/span><\/li><\/ul>\t\t\t\t\t\t<\/div>\n\t\t\t\t<\/div>\n\t\t\t\t\t<\/div>\n\t\t<\/div>\n\t\t\t\t\t<\/div>\n\t\t<\/section>\n\t\t\t\t<\/div>\n\t\t","protected":false},"excerpt":{"rendered":"<p>GEST\u00c3O 2019-2024 Per\u00edodo de Gest\u00e3o: 02 de Setembro de 2019 at\u00e9 02 de setembro de 2024 Diretor Presidente: TR. Salom\u00e3o de Sousa Melo Diretor Secret\u00e1rio: TR. Francisco Wilson da Silva Diretor Tesoureiro: TR. R\u00fabio Alcoforado Amorim Filho\u00a0\u00a0\u00a0\u00a0 \u25cf\u00a0 \u00a0\u00a0Rol_dos_Respons\u00e1veis_2021 GEST\u00c3O 2014-2019 Per\u00edodo de Gest\u00e3o: 31 de Maio de 2014 at\u00e9 31 de Maio de 2019 &hellip; <a href=\"https:\/\/crtrceara.gov.br\/portaltransparencia\/rol-de-responsaveis\/\" class=\"more-link\">Continue lendo <span class=\"screen-reader-text\">ROL DE RESPONS\u00c1VEIS<\/span> <span class=\"meta-nav\">&rarr;<\/span><\/a><\/p>\n","protected":false},"author":3,"featured_media":0,"parent":0,"menu_order":0,"comment_status":"closed","ping_status":"closed","template":"","meta":{"footnotes":""},"_links":{"self":[{"href":"https:\/\/crtrceara.gov.br\/portaltransparencia\/wp-json\/wp\/v2\/pages\/4326"}],"collection":[{"href":"https:\/\/crtrceara.gov.br\/portaltransparencia\/wp-json\/wp\/v2\/pages"}],"about":[{"href":"https:\/\/crtrceara.gov.br\/portaltransparencia\/wp-json\/wp\/v2\/types\/page"}],"author":[{"embeddable":true,"href":"https:\/\/crtrceara.gov.br\/portaltransparencia\/wp-json\/wp\/v2\/users\/3"}],"replies":[{"embeddable":true,"href":"https:\/\/crtrceara.gov.br\/portaltransparencia\/wp-json\/wp\/v2\/comments?post=4326"}],"version-history":[{"count":5,"href":"https:\/\/crtrceara.gov.br\/portaltransparencia\/wp-json\/wp\/v2\/pages\/4326\/revisions"}],"predecessor-version":[{"id":4716,"href":"https:\/\/crtrceara.gov.br\/portaltransparencia\/wp-json\/wp\/v2\/pages\/4326\/revisions\/4716"}],"wp:attachment":[{"href":"https:\/\/crtrceara.gov.br\/portaltransparencia\/wp-json\/wp\/v2\/media?parent=4326"}],"curies":[{"name":"wp","href":"https:\/\/api.w.org\/{rel}","templated":true}]}}