{"id":32,"date":"2016-06-11T19:57:56","date_gmt":"2016-06-11T19:57:56","guid":{"rendered":"http:\/\/conter.gov.br\/transparencia\/?page_id=32"},"modified":"2017-06-05T19:55:57","modified_gmt":"2017-06-05T19:55:57","slug":"legislacao-2","status":"publish","type":"page","link":"https:\/\/crtrceara.gov.br\/portaltransparencia\/legislacao-2\/","title":{"rendered":"LEGISLA\u00c7\u00c3O"},"content":{"rendered":"<p><strong><a href=\"http:\/\/conter.gov.br\/site\/leis\" target=\"_blank\">Leis <\/a><\/strong><br \/>\n<strong><a href=\"http:\/\/conter.gov.br\/site\/decretos\" target=\"_blank\">Decretos<\/a><\/strong><br \/>\n<strong><a href=\"http:\/\/conter.gov.br\/site\/codigo_etico\" target=\"_blank\">C\u00f3digo \u00c9tico<\/a><\/strong><br \/>\n<strong><a href=\"http:\/\/conter.gov.br\/transparencia\/portarias-2\/\" target=\"_blank\">Portarias<\/a><\/strong><br \/>\n<strong><a href=\"http:\/\/conter.gov.br\/site\/regimentos\" target=\"_blank\">Regimentos<\/a><\/strong><br \/>\n<strong><a href=\"http:\/\/conter.gov.br\/site\/resolucoes\" target=\"_blank\">Resolu\u00e7\u00f5es<\/a><\/strong><br \/>\n<strong><a href=\"http:\/\/conter.gov.br\/transparencia\/acordos-de-cooperacao\/\" target=\"_blank\">Acordos do Coopera\u00e7\u00e3o<\/a><\/strong><br \/>\n<strong><a href=\"http:\/\/conter.gov.br\/transparencia\/consulta-publica\/\" target=\"_blank\">Consulta P\u00fablica<\/a><\/strong><\/p>\n","protected":false},"excerpt":{"rendered":"<p>Leis Decretos C\u00f3digo \u00c9tico Portarias Regimentos Resolu\u00e7\u00f5es Acordos do Coopera\u00e7\u00e3o Consulta P\u00fablica<\/p>\n","protected":false},"author":3,"featured_media":0,"parent":0,"menu_order":0,"comment_status":"closed","ping_status":"closed","template":"","meta":{"footnotes":""},"_links":{"self":[{"href":"https:\/\/crtrceara.gov.br\/portaltransparencia\/wp-json\/wp\/v2\/pages\/32"}],"collection":[{"href":"https:\/\/crtrceara.gov.br\/portaltransparencia\/wp-json\/wp\/v2\/pages"}],"about":[{"href":"https:\/\/crtrceara.gov.br\/portaltransparencia\/wp-json\/wp\/v2\/types\/page"}],"author":[{"embeddable":true,"href":"https:\/\/crtrceara.gov.br\/portaltransparencia\/wp-json\/wp\/v2\/users\/3"}],"replies":[{"embeddable":true,"href":"https:\/\/crtrceara.gov.br\/portaltransparencia\/wp-json\/wp\/v2\/comments?post=32"}],"version-history":[{"count":3,"href":"https:\/\/crtrceara.gov.br\/portaltransparencia\/wp-json\/wp\/v2\/pages\/32\/revisions"}],"predecessor-version":[{"id":2021,"href":"https:\/\/crtrceara.gov.br\/portaltransparencia\/wp-json\/wp\/v2\/pages\/32\/revisions\/2021"}],"wp:attachment":[{"href":"https:\/\/crtrceara.gov.br\/portaltransparencia\/wp-json\/wp\/v2\/media?parent=32"}],"curies":[{"name":"wp","href":"https:\/\/api.w.org\/{rel}","templated":true}]}}